{"id":116,"date":"2020-03-23T09:26:02","date_gmt":"2020-03-23T08:26:02","guid":{"rendered":"https:\/\/www.andreas-jankowitsch.net\/?page_id=116"},"modified":"2020-03-23T20:56:59","modified_gmt":"2020-03-23T19:56:59","slug":"impressum","status":"publish","type":"page","link":"https:\/\/www.andreas-jankowitsch.net\/en\/kontakt\/impressum\/","title":{"rendered":"Impressum"},"content":{"rendered":"<p><strong>Betreiber dieser Homepage (erstellt 2011)<\/strong><br \/>\nAndreas Jankowitsch<br \/>\nHauptstrasse 98<br \/>\nA-2371 Hinterbr\u00fchl<br \/>\nMobil +43-660-4648040<br \/>\nEmail: <a title=\"mail to\" href=\"mailto:info@andreas-jankowitsch.net\">info@andreas-jankowitsch.net<\/a><br \/>\nWeb: <a title=\"link to\" href=\"http:\/\/www.andreas-jankowitsch.net\" target=\"_blank\" rel=\"noopener noreferrer\"> www.andreas-jankowitsch.net<\/a><br \/>\nRedaktion: Angelika Wild<\/p>\n<p>\u00a9 Copyright<\/p>\n<p>Der gesamte Inhalt dieser Internetseite inklusive aller Bilder und Texte ist Eigentum von Andreas Jankowitsch oder des jeweiligen Autors, falls anders angegeben.<br \/>\nDie Reproduktion der Inhalte ist unabh\u00e4ngig vom verwendeten Medium verboten, au\u00dfer durch schriftliche Genehmigung durch Andreas Jankowitsch oder des jeweiligen Autors.<\/p>\n<p>\u00a9 Fotos: Andreas Jankowitsch (wenn nicht anders angegeben)<br \/>\n\u00a9 Programmierung: Andritsch Websolutions, Mag. Peter Andritsch <a title=\"link to\" href=\"http:\/\/www.andritsch.at\" target=\"_blank\" rel=\"noopener noreferrer\"> www.andritsch.at<\/a><\/p>\n<p><strong>Rechtlicher Hinweis<\/strong><br \/>\nDer Betreiber dieser Seite \u00fcbernimmt keinerlei Gew\u00e4hr f\u00fcr die Aktualit\u00e4t, Korrektheit, Vollst\u00e4ndigkeit oder Qualit\u00e4t der bereitgestellten Informationen.<br \/>\nDer Betreiber dieser Seite ist f\u00fcr Inhalte fremder Seiten, die \u00fcber einen Link erreicht werden, nicht verantwortlich.<\/p>\n","protected":false},"excerpt":{"rendered":"<p>Betreiber dieser Homepage (erstellt 2011) Andreas Jankowitsch Hauptstrasse 98 A-2371 Hinterbr\u00fchl Mobil +43-660-4648040 Email: info@andreas-jankowitsch.net Web: www.andreas-jankowitsch.net Redaktion: Angelika Wild \u00a9 Copyright [&hellip;]<\/p>\n","protected":false},"author":2,"featured_media":0,"parent":19,"menu_order":20,"comment_status":"closed","ping_status":"closed","template":"","meta":{"footnotes":""},"class_list":["post-116","page","type-page","status-publish","hentry"],"translation":{"provider":"WPGlobus","version":"3.0.1","language":"en","enabled_languages":["de","en"],"languages":{"de":{"title":true,"content":true,"excerpt":false},"en":{"title":false,"content":false,"excerpt":false}}},"_links":{"self":[{"href":"https:\/\/www.andreas-jankowitsch.net\/en\/wp-json\/wp\/v2\/pages\/116","targetHints":{"allow":["GET"]}}],"collection":[{"href":"https:\/\/www.andreas-jankowitsch.net\/en\/wp-json\/wp\/v2\/pages"}],"about":[{"href":"https:\/\/www.andreas-jankowitsch.net\/en\/wp-json\/wp\/v2\/types\/page"}],"author":[{"embeddable":true,"href":"https:\/\/www.andreas-jankowitsch.net\/en\/wp-json\/wp\/v2\/users\/2"}],"replies":[{"embeddable":true,"href":"https:\/\/www.andreas-jankowitsch.net\/en\/wp-json\/wp\/v2\/comments?post=116"}],"version-history":[{"count":1,"href":"https:\/\/www.andreas-jankowitsch.net\/en\/wp-json\/wp\/v2\/pages\/116\/revisions"}],"predecessor-version":[{"id":117,"href":"https:\/\/www.andreas-jankowitsch.net\/en\/wp-json\/wp\/v2\/pages\/116\/revisions\/117"}],"up":[{"embeddable":true,"href":"https:\/\/www.andreas-jankowitsch.net\/en\/wp-json\/wp\/v2\/pages\/19"}],"wp:attachment":[{"href":"https:\/\/www.andreas-jankowitsch.net\/en\/wp-json\/wp\/v2\/media?parent=116"}],"curies":[{"name":"wp","href":"https:\/\/api.w.org\/{rel}","templated":true}]}}