{"id":307,"date":"2021-10-05T14:13:53","date_gmt":"2021-10-05T12:13:53","guid":{"rendered":"https:\/\/www.andreas-jankowitsch.net\/?page_id=307"},"modified":"2025-01-14T11:56:20","modified_gmt":"2025-01-14T10:56:20","slug":"archiv","status":"publish","type":"page","link":"https:\/\/www.andreas-jankowitsch.net\/en\/archiv\/","title":{"rendered":"Archiv"},"content":{"rendered":"\n<p>Dieser Bereich dient Ihnen zur Nachlese meiner k\u00fcnstlerischen Aktivit\u00e4ten, viel Vergn\u00fcgen und danke f\u00fcr Ihren Besuch!<\/p>\n\n\n\n<!-- Page-list plugin v.5.9 wordpress.org\/plugins\/page-list\/ -->\n<ul class=\"page-list subpages-page-list \">\n<li class=\"page_item page-item-360\"><a href=\"https:\/\/www.andreas-jankowitsch.net\/en\/archiv\/termine-2024\/\">Termine 2024<\/a><\/li>\n<li class=\"page_item page-item-369\"><a href=\"https:\/\/www.andreas-jankowitsch.net\/en\/archiv\/termine-2023\/\">Termine 2023<\/a><\/li>\n<li class=\"page_item page-item-375\"><a href=\"https:\/\/www.andreas-jankowitsch.net\/en\/archiv\/termine-2022-2\/\">Termine 2022<\/a><\/li>\n<li class=\"page_item page-item-285\"><a href=\"https:\/\/www.andreas-jankowitsch.net\/en\/archiv\/termine-2022\/\">Termine 2021<\/a><\/li>\n<li class=\"page_item page-item-13\"><a href=\"https:\/\/www.andreas-jankowitsch.net\/en\/archiv\/termine-2020\/\">Dates<\/a><\/li>\n<li class=\"page_item page-item-45\"><a href=\"https:\/\/www.andreas-jankowitsch.net\/en\/archiv\/termine-2019\/\">Termine 2019<\/a><\/li>\n<li class=\"page_item page-item-47\"><a href=\"https:\/\/www.andreas-jankowitsch.net\/en\/archiv\/termine-2018\/\">Termine 2018<\/a><\/li>\n<li class=\"page_item page-item-49\"><a href=\"https:\/\/www.andreas-jankowitsch.net\/en\/archiv\/termine-2017\/\">Termine 2017<\/a><\/li>\n<li class=\"page_item page-item-51\"><a href=\"https:\/\/www.andreas-jankowitsch.net\/en\/archiv\/termine-2016\/\">Termine 2016<\/a><\/li>\n<li class=\"page_item page-item-53\"><a href=\"https:\/\/www.andreas-jankowitsch.net\/en\/archiv\/termine-2015\/\">Termine 2015<\/a><\/li>\n<li class=\"page_item page-item-55\"><a href=\"https:\/\/www.andreas-jankowitsch.net\/en\/archiv\/termine-2014\/\">Termine 2014<\/a><\/li>\n<li class=\"page_item page-item-57\"><a href=\"https:\/\/www.andreas-jankowitsch.net\/en\/archiv\/termine-2013\/\">Termine 2013<\/a><\/li>\n<li class=\"page_item page-item-60\"><a href=\"https:\/\/www.andreas-jankowitsch.net\/en\/archiv\/termine-2012\/\">Termine 2012<\/a><\/li>\n<li class=\"page_item page-item-62\"><a href=\"https:\/\/www.andreas-jankowitsch.net\/en\/archiv\/termine-2011\/\">Termine 2011<\/a><\/li>\n\n<\/ul>\n\n\n\n<p><\/p>\n\n\n\n<p><\/p>\n","protected":false},"excerpt":{"rendered":"<p>Dieser Bereich dient Ihnen zur Nachlese meiner k\u00fcnstlerischen Aktivit\u00e4ten, viel Vergn\u00fcgen und danke f\u00fcr Ihren Besuch!<\/p>\n","protected":false},"author":3,"featured_media":0,"parent":0,"menu_order":30,"comment_status":"closed","ping_status":"closed","template":"","meta":{"footnotes":""},"class_list":["post-307","page","type-page","status-publish","hentry"],"translation":{"provider":"WPGlobus","version":"3.0.1","language":"en","enabled_languages":["de","en"],"languages":{"de":{"title":true,"content":true,"excerpt":false},"en":{"title":false,"content":false,"excerpt":false}}},"_links":{"self":[{"href":"https:\/\/www.andreas-jankowitsch.net\/en\/wp-json\/wp\/v2\/pages\/307","targetHints":{"allow":["GET"]}}],"collection":[{"href":"https:\/\/www.andreas-jankowitsch.net\/en\/wp-json\/wp\/v2\/pages"}],"about":[{"href":"https:\/\/www.andreas-jankowitsch.net\/en\/wp-json\/wp\/v2\/types\/page"}],"author":[{"embeddable":true,"href":"https:\/\/www.andreas-jankowitsch.net\/en\/wp-json\/wp\/v2\/users\/3"}],"replies":[{"embeddable":true,"href":"https:\/\/www.andreas-jankowitsch.net\/en\/wp-json\/wp\/v2\/comments?post=307"}],"version-history":[{"count":9,"href":"https:\/\/www.andreas-jankowitsch.net\/en\/wp-json\/wp\/v2\/pages\/307\/revisions"}],"predecessor-version":[{"id":503,"href":"https:\/\/www.andreas-jankowitsch.net\/en\/wp-json\/wp\/v2\/pages\/307\/revisions\/503"}],"wp:attachment":[{"href":"https:\/\/www.andreas-jankowitsch.net\/en\/wp-json\/wp\/v2\/media?parent=307"}],"curies":[{"name":"wp","href":"https:\/\/api.w.org\/{rel}","templated":true}]}}