{"id":53,"date":"2020-03-22T18:14:12","date_gmt":"2020-03-22T17:14:12","guid":{"rendered":"https:\/\/www.andreas-jankowitsch.net\/?page_id=53"},"modified":"2025-01-14T11:48:47","modified_gmt":"2025-01-14T10:48:47","slug":"termine-2015","status":"publish","type":"page","link":"https:\/\/www.andreas-jankowitsch.net\/en\/archiv\/termine-2015\/","title":{"rendered":"Termine 2015"},"content":{"rendered":"<p><span class=\"premiere\">TOURNEE<br \/>\n<\/span><strong>September 2015, Seefestspiele M\u00f6rbisch zu Gast in Japan mit der <span class=\"highlight\">DIE FLEDERMAUS<\/span>, Inszenierung Gerhard Ernst<\/strong><\/p>\n<hr class=\"trenner\" \/>\n<p><span class=\"premiere\">PREMIERE<br \/>\n<\/span><strong>14. Juni, 10 Uhr, Gro\u00dfer Saal Schloss Esterhazy, Eisenstadt<\/strong><br \/>\n<span class=\"highlight\">DIE SCHNEEK\u00d6NIGIN<\/span><br \/>\nFolgevorstellungen: 20., 21., 22., 24., 27., 28., 29., 30. Juni &amp; 1.Juli (jeweils 10 Uhr)<\/p>\n<hr class=\"trenner\" \/>\n<p><span class=\"premiere\">PREMIERE<br \/>\n<\/span><strong>19. Juni 2015, 19:30 Uhr, Sommerarena Baden<\/strong><br \/>\n<span class=\"highlight\">DIE FLEDERMAUS, Operette von Johann Strauss<\/span><br \/>\nFolgevorstellungen: 20., 27., 28.,<br \/>\nJuli: 4., 5., 18.<br \/>\nAugust: 1., 14., 20., 28. (Option: 11., 25.),<br \/>\nSept.: 3.<\/p>\n<hr class=\"trenner\" \/>\n<p><span class=\"premiere\">KONZERT<br \/>\n<\/span><strong>30. &amp; 31. Mai 2015 <span class=\"highlight\">Sch\u00f6pfung<\/span><\/strong><\/p>\n<hr class=\"trenner\" \/>\n<p><span class=\"premiere\">KONZERT<br \/>\n<\/span><strong>15. Mai 2015<span class=\"highlight\">Wiener Mozartorchester, Musikverein, Brahms-Saal<\/span><\/strong><\/p>\n<hr class=\"trenner\" \/>\n<p><span class=\"premiere\">KONZERT<br \/>\n<\/span><strong>13. Mai 201, 20 Uhr Korneuburg<span class=\"highlight\">BWV 12&amp; BWV 43<\/span><\/strong><\/p>\n<hr class=\"trenner\" \/>\n<p><span class=\"premiere\">KONZERT<br \/>\n<\/span><strong>Mittwoch, 12. Mai 2015, 19:30 Uhr<br \/>\nArnold Sch\u00f6nberg Center, Konzert&amp;Aufnahme ASC<\/p>\n<p><span class=\"highlight\">Arnold Sch\u00f6nberg, Serenade op. 24 f\u00fcr Bariton, Streichtrio, Klarinette, Bassklarinette, Gitarre und Mandoline <\/span><\/strong><\/p>\n<p>Mit:<br \/>\nEnsemble Wiener Collage<br \/>\nRen\u00e9 Staar, Dirigent<\/p>\n<hr class=\"trenner\" \/>\n<p><span class=\"premiere\">KONZERT<br \/>\n<\/span><strong>8. Mai 2015, 20:15 Uhr, Musikverein, Brahms-Saal<span class=\"highlight\">Wiener Mozartorchester<\/span><br \/>\n<\/strong><\/p>\n<hr class=\"trenner\" \/>\n<p><strong><span class=\"premiere\">KONZERT<br \/>\n<\/span>6. Mai 2015, Jaroslawl (Russland)<span class=\"highlight\">Fledermaus<\/span><br \/>\n<\/strong><\/p>\n<hr class=\"trenner\" \/>\n<p><strong><span class=\"premiere\">KONZERT<br \/>\n<\/span>26. April 2015, 18:00 Uhr<br \/>\nPfarrkirche Hinterbr\u00fchl<br \/>\n<span class=\"highlight\">Festkonzert zum 25j\u00e4hrigen Jubil\u00e4um der Musikschule Hinterbr\u00fchl<\/span><\/p>\n<p>Darbietungen:<br \/>\nArie des Figaro aus &#8220;Die Hochzeit des Figaro&#8221;<br \/>\nArie des Wolfram aus &#8220;Tannh\u00e4user&#8221;<br \/>\nDuette &#8220;Lippen schweigen&#8221; und weitere&#8230;<br \/>\n<\/strong><\/p>\n<hr class=\"trenner\" \/>\n<p><strong>19. April 2015, 10:00 Uhr. St. Augustin <span class=\"highlight\"> GROSSE ORGELSOLOMESSE, J. Haydn, Messe, danach CD-Aufnahme<\/span><br \/>\n<\/strong><\/p>\n<hr class=\"trenner\" \/>\n<p><strong><span class=\"premiere\">PREMIERE<br \/>\n<\/span>14. Februar 2015, 19:30 Uhr<br \/>\nB\u00fchne Baden<br \/>\n<span class=\"highlight\">DAS L\u00c4CHELN EINER SOMMERNACHT, Musical von Stephen Sondheim<\/span><\/p>\n<p>Originaltitel: A litte Night Music<\/p>\n<p>Musikalische Leitung: Franz Josef Breznik<br \/>\nInszenierung: Alexandra Frankmann<br \/>\nRolle: Graf Carl-Magnus Malcolm<\/p>\n<p>Weitere Vorstellungen:<br \/>\n15. Februar, 15:00<br \/>\n21. Februar, 19:30<br \/>\n22. Februar, 15:00<br \/>\n05. M\u00e4rz, 19:30<br \/>\n07. M\u00e4rz, 19:30<br \/>\n08. M\u00e4rz, 15:00<br \/>\n12. , 13., 20., 21., 29. M\u00e4rz, jeweils 19:30<br \/>\n29. M\u00e4rz 2015, 15:00<\/p>\n<p>Informationen und Tickets:<br \/>\n<a title=\"link to\" href=\"https:\/\/www.buehnebaden.at\/spielplan-und-karten\/54-das-laecheln-einer-sommernacht\" target=\"_blank\" rel=\"noopener noreferrer\">https:\/\/www.buehnebaden.at\/spielplan-und-karten\/54-das-laecheln-einer-sommernacht<\/a><\/strong><\/p>\n","protected":false},"excerpt":{"rendered":"<p>TOURNEE September 2015, Seefestspiele M\u00f6rbisch zu Gast in Japan mit der DIE FLEDERMAUS, Inszenierung Gerhard Ernst PREMIERE 14. Juni, 10 Uhr, Gro\u00dfer [&hellip;]<\/p>\n","protected":false},"author":2,"featured_media":0,"parent":307,"menu_order":2015,"comment_status":"closed","ping_status":"closed","template":"","meta":{"footnotes":""},"class_list":["post-53","page","type-page","status-publish","hentry"],"translation":{"provider":"WPGlobus","version":"3.0.1","language":"en","enabled_languages":["de","en"],"languages":{"de":{"title":true,"content":true,"excerpt":false},"en":{"title":false,"content":false,"excerpt":false}}},"_links":{"self":[{"href":"https:\/\/www.andreas-jankowitsch.net\/en\/wp-json\/wp\/v2\/pages\/53","targetHints":{"allow":["GET"]}}],"collection":[{"href":"https:\/\/www.andreas-jankowitsch.net\/en\/wp-json\/wp\/v2\/pages"}],"about":[{"href":"https:\/\/www.andreas-jankowitsch.net\/en\/wp-json\/wp\/v2\/types\/page"}],"author":[{"embeddable":true,"href":"https:\/\/www.andreas-jankowitsch.net\/en\/wp-json\/wp\/v2\/users\/2"}],"replies":[{"embeddable":true,"href":"https:\/\/www.andreas-jankowitsch.net\/en\/wp-json\/wp\/v2\/comments?post=53"}],"version-history":[{"count":1,"href":"https:\/\/www.andreas-jankowitsch.net\/en\/wp-json\/wp\/v2\/pages\/53\/revisions"}],"predecessor-version":[{"id":54,"href":"https:\/\/www.andreas-jankowitsch.net\/en\/wp-json\/wp\/v2\/pages\/53\/revisions\/54"}],"up":[{"embeddable":true,"href":"https:\/\/www.andreas-jankowitsch.net\/en\/wp-json\/wp\/v2\/pages\/307"}],"wp:attachment":[{"href":"https:\/\/www.andreas-jankowitsch.net\/en\/wp-json\/wp\/v2\/media?parent=53"}],"curies":[{"name":"wp","href":"https:\/\/api.w.org\/{rel}","templated":true}]}}