{"id":57,"date":"2020-03-22T18:17:58","date_gmt":"2020-03-22T17:17:58","guid":{"rendered":"https:\/\/www.andreas-jankowitsch.net\/?page_id=57"},"modified":"2025-01-14T11:48:32","modified_gmt":"2025-01-14T10:48:32","slug":"termine-2013","status":"publish","type":"page","link":"https:\/\/www.andreas-jankowitsch.net\/en\/archiv\/termine-2013\/","title":{"rendered":"Termine 2013"},"content":{"rendered":"<p><span class=\"premiere\">PREMIERE<br \/>\n<\/span><strong>14. November 2013, 19:30 Uhr,<br \/>\nPalais Kabelwerk<br \/>\n<span class=\"highlight\">GATES &#8211; 4 Musiktheaterwerke zur sozialen Durchl\u00e4ssigkeit einer Gesellschaft<br \/>\n<a href=\"http:\/\/www2.andreas-jankowitsch.net\/?jankowitsch=st20140909185209&amp;\">Gate as my asshole<\/a><\/span><\/strong><br \/>\nEine Produktion von progetto semiserio und Internationale Gesellschaft f\u00fcr Neue Musik (IGNM) in Kooperation mit WIEN MODERN, mediaOpera und dem Palais Kabelwerk, mit F\u00f6rderung der Kompositionsauftr\u00e4ge durch die Ernst von Siemens Musikstiftung.<\/p>\n<p>Musik: Oliver Weber<br \/>\nLibretto: Nurkan Erpulat<br \/>\nRolle: Levent<\/p>\n<p>Inszenierung: Peter Pawlik<br \/>\nOrchester: PHACE<br \/>\nInhalt: <a title=\"link to\" href=\"http:\/\/www.progettosemiserio.at\/projekt_aktuell_gates.html\" target=\"_blank\" rel=\"noopener noreferrer\">http:\/\/www.progettosemiserio.at\/projekt_aktuell_gates.html<\/a><\/p>\n<p><strong>Weitere Vorstellungen:<\/strong><br \/>\n15., 16., 17. November 2013<\/p>\n<hr class=\"trenner\">\n<p><span class=\"premiere\">KONZERT<br \/>\n<\/span><strong>27. Oktober 2013,18:00 Uhr<br \/>\nGedenkkonzert Harmonia Caelestis<br \/>\nSchloss Esterh\u00e1zy-Haydnsaal<\/strong><\/p>\n<p>Paul I. Esterh\u00e1zy: Harmonia Caelestis<br \/>\nJoseph Haydn: Symphonie Nr.15 D-Dur<br \/>\nGregor Joseph Werner: Te Deum<\/p>\n<p>Musikalische Leitung: Thomas Dolezal<\/p>\n<p>Mit:<br \/>\nCornelia Horak, Sopran<br \/>\nChristina Sidak, Mezzosopran<br \/>\nTimothy Fallon, Tenor<br \/>\nDomchor St. Martin<br \/>\nMitglieder des Haydn Orchesters<\/p>\n<p>Werkinfo &amp; Karten:<a title=\"link to\" href=\"http:\/\/esterhazy.at\/de\/schlossesterhazy\/1396268\/Gedenkkonzert-Harmonia-Caelestis\" target=\"_blank\" rel=\"noopener noreferrer\"> Schloss Esterh\u00e1zy<\/a><\/p>\n<hr class=\"trenner\">\n<p><span class=\"premiere\">PREMIERE<br \/>\n<\/span><strong>25. Oktober 2013, 19:30 Ur,<br \/>\nHalle E im MuseumsQuartier<br \/>\n<span class=\"highlight\">PARADISE RELOADED (LILITH)<\/span><\/strong> Urauff\u00fchrung<br \/>\n<strong>Eine Koproduktion der Neuen Oper Wien mit Wien Modern<\/strong><\/p>\n<p>Musik: Peter E\u00f6tv\u00f6s<br \/>\nText von Albert Ostermaier, eingerichtet von Mari Mezei und Peter E\u00f6vt\u00f6s<br \/>\nRolle: Engel 2<\/p>\n<p>Musikalische Leitung: Walter Kob\u00e9ra<br \/>\nInszenierung: Johannes Erath<br \/>\nAusstattung: Katrin Connan<\/p>\n<p>Amadeus Ensemble Wien<\/p>\n<p><strong>Weitere Vorstellungen:<\/strong><br \/>\n29. &amp; 31. Oktober; 1. November 2013<\/p>\n<hr class=\"trenner\">\n<p><span class=\"premiere\">KONZERT<br \/>\n<\/span><strong>14. Oktober 2013, 20:15 Uhr<br \/>\nMusikverein, Brahmssaal<\/strong><a title=\"link to\" href=\"http:\/\/www.mozart.co.at\/Vienna-concerts-Tickets\/?concertID=concert_20131014201500_00&amp;calendardate=2013-10-14\" target=\"_blank\" rel=\"noopener noreferrer\"> Programm<\/a><\/p>\n<p><span class=\"premiere\">KONZERT<\/span><strong>7. Oktober 2013, 20:15 Uhr<br \/>\nMusikverein, Brahmssaal<\/strong><a title=\"link to\" href=\"http:\/\/www.mozart.co.at\/Vienna-concerts-Tickets\/?concertID=concert_20131007201500_00&amp;calendardate=2013-10-07\" target=\"_blank\" rel=\"noopener noreferrer\"> Programm<\/a><\/p>\n<hr class=\"trenner\">\n<p><span class=\"premiere\">PREMIERE<br \/>\n<\/span><strong>12. September 2013, 19:00 Uhr, Tabakfabrik Linz, Brucknerfest Linz 2013<br \/>\nDER SCHATZGR\u00c4BER<\/strong> Oper<br \/>\nMusik: Franz Schreker<br \/>\nRolle: Der Junker<\/p>\n<p>Dirigent: Martin Sieghart<br \/>\nInszenierung: Philipp Harnoncourt<br \/>\nAusstattung: Susanne Thomasberger<\/p>\n<p>Isreal Chamber Orchestra<\/p>\n<p>Weitere Vorstellungen:<br \/>\n14.9., 21:30 Uhr<br \/>\n17.9., 20:00 Uhr<\/p>\n<p>Informationen zur Oper:<br \/>\n<a title=\"link to\" href=\"http:\/\/www.entarteopera.com\/schatzgraeber.html\" target=\"_blank\" rel=\"noopener noreferrer\">http:\/\/www.entarteopera.com\/schatzgraeber.html<\/a><\/p>\n<hr class=\"trenner\">\n<p><span class=\"premiere\">KONZERT<br \/>\n<\/span><strong>12. August 2013, 20:15 Uhr<br \/>\nMusikverein, Goldener Saal<\/strong><a title=\"link to\" href=\"http:\/\/www.mozart.co.at\/Vienna-concerts-Tickets\/?concertID=concert_20130812201500_00&amp;calendardate=2013-08-12\" target=\"_blank\" rel=\"noopener noreferrer\"> Programm<\/a><\/p>\n<p><span class=\"premiere\">KONZERT<\/span><strong>23. August 2013, 20:15 Uhr<br \/>\nWiener Staatsoper<\/strong><a title=\"link to\" href=\"http:\/\/www.mozart.co.at\/Vienna-concerts-Tickets\/?concertID=concert_20130823201500_00&amp;calendardate=2013-08-23\" target=\"_blank\" rel=\"noopener noreferrer\"> Programm<\/a><\/p>\n<p><span class=\"premiere\">KONZERT<\/span><strong>28. August 2013, 20:15 Uhr<br \/>\nKonzerthaus, Gro\u00dfer Saal<\/strong> <a title=\"link to\" href=\"http:\/\/www.mozart.co.at\/Vienna-concerts-Tickets\/?concertID=concert_20130828201500_00&amp;calendardate=2013-08-28\" target=\"_blank\" rel=\"noopener noreferrer\"> Programm<\/a><\/p>\n<hr class=\"trenner\">\n<p><span class=\"premiere\">KONZERT<br \/>\n<\/span><strong>1. Juli 2013, 20:15 Uhr<br \/>\nMusikverein, Goldener Saal<\/strong><a title=\"link to\" href=\"http:\/\/www.mozart.co.at\/Vienna-concerts-Tickets\/?concertID=concert_20130701201500_00&amp;calendardate=2013-07-01\" target=\"_blank\" rel=\"noopener noreferrer\"> Programm<\/a><\/p>\n<p><span class=\"premiere\">KONZERT<\/span><strong>12. Juli 2013, 20:15 Uhr<br \/>\nWiener Staatsoper<\/strong><a title=\"link to\" href=\"http:\/\/www.mozart.co.at\/Vienna-concerts-Tickets\/?concertID=concert_20130712201500_00&amp;calendardate=2013-07-12\" target=\"_blank\" rel=\"noopener noreferrer\"> Programm<\/a><\/p>\n<p><span class=\"premiere\">KONZERT<\/span><strong>15. Juli 2013, 20:15 Uhr<br \/>\nKonzerthaus, Gro\u00dfer Saal<\/strong> <a title=\"link to\" href=\"http:\/\/www.mozart.co.at\/Vienna-concerts-Tickets\/?concertID=concert_20130715201500_00&amp;calendardate=2013-07-15\" target=\"_blank\" rel=\"noopener noreferrer\"> Programm<\/a><\/p>\n<hr class=\"trenner\">\n<p><span class=\"premiere\">MESSE<\/span><strong><br \/>\n23. Juni 2013, 11.00 Uhr<br \/>\nAugustinerkirche<br \/>\nPietro Mascagni: Missa di Gloria (zum 150. Geburtstag)<\/strong><\/p>\n<p>Mit:<br \/>\nIlker Arcay\u00fcrek, Tenor \u00b7<br \/>\nAndreas Jankowitsch, Bass<\/p>\n<p>Chor &amp; Orchester von St. Augustin<br \/>\nRobert Rieder, Dirigent<br \/>\nWolfgang Capek, Orgel<\/p>\n<p>Weitere Werke im Verlauf der Messe:<br \/>\nIntroitus: &#8220;Lobet den Herren&#8221; arr. Dieter Wendel<br \/>\nGraduale: Felix Mendelssohn-Bartholdy: &#8220;Denn also hat uns der Herr geboten&#8221; aus: &#8220;Paulus&#8221;, op. 36<br \/>\nOffertorium: Felix Mendelssohn-Bartholdy: &#8220;Ich danke dir, Herr, mein Gott&#8221; aus: &#8220;Paulus&#8221;, op. 36<br \/>\nCommunio: C\u00e9sar Franck: &#8220;Panis angelicus&#8221;<br \/>\nPost bened.: &#8220;Gro\u00dfer Gott, wir loben dich&#8221;, arr. Robert Kov\u00e1cs<br \/>\nPostludium: Louis J. A. Lef\u00e9bure-Wely: Grand ch\u0153ur F-Dur<\/p>\n<hr class=\"trenner\">\n<p><span class=\"premiere\">PREMIERE<br \/>\n<\/span><strong>21. Juni 2013, 19:00 Uhr B\u00dcHNE BADEN; SOMMERARENA<br \/>\nDIE SCH\u00d6NE HELENA<\/strong>, Operette<br \/>\nMusik: Jaques Offenbach<br \/>\nRolle: Kalchas<br \/>\nInszenierung: Robert Herzl<br \/>\n<i>Wie es bei Jacques Offenbach zum Ausbruch des Trojanischen Krieges kommt, erz\u00e4hlt die Operette mit Eleganz, Humor, b\u00f6sem Witz und einem Feuerwerk herrlichster Melodien&#8230;<\/i><br \/>\nKarten, Infos, Besetzung etc:<br \/>\n<a title=\"link to\" href=\"http:\/\/www.buehnebaden.at\/spielplan\/13\/die-schoene-helena\" target=\"_blank\" rel=\"noopener noreferrer\">http:\/\/www.buehnebaden.at\/spielplan\/13\/die-schoene-helena<\/a><br \/>\nWeitere Auff\u00fchrungstermine:<br \/>\nSa 22.06.2013 19:30<br \/>\nSa 29.06.2013 19:30<br \/>\nSo 30.06.2013 19:30<br \/>\nFr 05.07.2013 19:30<br \/>\nSa 06.07.2013 19:30<br \/>\nSa 13.07.2013 19:30<br \/>\nSo 14.07.2013 19:30<br \/>\nFr 02.08.2013 19:30<br \/>\nSa 03.08.2013 19:30<br \/>\nMi 14.08.2013 19:30<br \/>\nDi 20.08.2013 19:30<br \/>\nDo 22.08.2013 19:30<br \/>\nFr 30.08.2013 18:00<\/p>\n<hr class=\"trenner\">\n<p><span class=\"premiere\">KONZERT<br \/>\n<\/span><strong>28. Juni 2013, 20:15 Uhr<br \/>\nMusikverein, Goldener Saal<\/strong><br \/>\nArien und Duette aus &#8220;Don Giovanni&#8221; und &#8220;Le Nozze di Figaro&#8221;<br \/>\nHannes Wildner, Dirigent<br \/>\nIsabell Bringmann, Sopran<br \/>\nWiener Mozartorchester<br \/>\nInfos und Tickets: <a title=\"link to\" href=\"http:\/\/www.mozart.co.at\" target=\"_blank\" rel=\"noopener noreferrer\">http:\/\/www.mozart.co.at<\/a><\/p>\n<hr class=\"trenner\">\n<p><span class=\"premiere\">KONZERT<br \/>\n<\/span><strong>7. Juni 2013, 20:15 Uhr<br \/>\nMusikverein, Brahms Saal<\/strong><br \/>\nArien und Duette aus &#8220;Don Giovanni&#8221; und &#8220;Le Nozze di Figaro&#8221;<br \/>\nAndr\u00e1s De\u00e1k, Dirigent<br \/>\nIsabell Bringmann, Sopran<br \/>\nWiener Mozartorchester<br \/>\nInfos und Tickets: <a title=\"link to\" href=\"http:\/\/www.mozart.co.at\" target=\"_blank\" rel=\"noopener noreferrer\">http:\/\/www.mozart.co.at<\/a><\/p>\n<hr class=\"trenner\">\n<p><span class=\"premiere\">KONZERT<br \/>\n<\/span><strong>3. Juni 2013, 20:15 Uhr<br \/>\nMusikverein, Goldener Saal<\/strong><br \/>\nArien und Duette aus &#8220;Don Giovanni&#8221; und &#8220;Le Nozze di Figaro&#8221;<br \/>\nErnst Ottensamer, Dirigent<br \/>\nLydia Rathkolb, Sopran<br \/>\nWiener Mozartorchester<br \/>\nInfos und Tickets: <a title=\"link to\" href=\"http:\/\/www.mozart.co.at\" target=\"_blank\" rel=\"noopener noreferrer\">http:\/\/www.mozart.co.at<\/a><\/p>\n<hr class=\"trenner\">\n<p><span class=\"premiere\">MESSE<br \/>\n<\/span><strong> 2. Juni 2013, 11.00 Uhr<br \/>\nAugustinerkirche<\/strong><br \/>\nFranz Schubert: Gro\u00dfe Messe As-Dur D 678<\/p>\n<p>Mit:<br \/>\nRegine Hangler, Sopran<br \/>\nAnnely Peebo, Alt<br \/>\nChristian Bauer, Tenor<br \/>\nAndreas Jankowitsch, Bass<br \/>\nWolfgang Capek, Orgel<br \/>\nChor &amp; Orchester von St. Augustin<\/p>\n<p>Franz Welser-M\u00f6st, Dirigent<\/p>\n<p>Weitere Werke im Verlauf der Messe:<br \/>\nCarl Maria von Weber: &#8220;Gloria et honore&#8221;, WeV A. 3<br \/>\nLudwig van Beethoven: &#8220;O Heil euch, ihr Erl\u00f6sten&#8221; aus: &#8220;Christus am \u00d6lberge&#8221;, op. 85<br \/>\nJoseph Jongen: Toccata aus der &#8220;Symphonie concertante&#8221;, arr. f\u00fcr Orgel<\/p>\n<hr class=\"trenner\">\n<p><span class=\"premiere\">KONZERT<br \/>\n<\/span><strong>27. Mai 2013, 20:15 Uhr<br \/>\nMusikverein, Goldener Saal<\/strong><br \/>\nArien und Duette aus &#8220;Don Giovanni&#8221; und &#8220;Le Nozze di Figaro&#8221;<br \/>\nErnst Ottensamer, Dirigent<br \/>\nSera G\u00f6sch, Sopran<br \/>\nWiener Mozartorchester<br \/>\nInfos und Tickets: <a title=\"link to\" href=\"http:\/\/www.mozart.co.at\" target=\"_blank\" rel=\"noopener noreferrer\">http:\/\/www.mozart.co.at<\/a><\/p>\n<hr class=\"trenner\">\n<p><span class=\"premiere\">KONZERT<br \/>\n<\/span><strong>13. Mai 2013, 20:15 Uhr<br \/>\nMusikverein, Brahms Saal<\/strong><br \/>\nArien und Duette aus &#8220;Don Giovanni&#8221; und &#8220;Le Nozze di Figaro&#8221;<br \/>\nAndr\u00e1s De\u00e1k, Dirigent<br \/>\nClaudia Em\u00e0 Camie, Koloratur-Sopran<br \/>\nWiener Mozartorchester<br \/>\nInfos und Tickets: <a title=\"link to\" href=\"http:\/\/www.mozart.co.at\" target=\"_blank\" rel=\"noopener noreferrer\">http:\/\/www.mozart.co.at<\/a><\/p>\n<hr class=\"trenner\">\n<p><span class=\"premiere\">KONZERT<br \/>\n<\/span><strong>11. Mai 2013, 19:30 Uhr<br \/>\nMinoritenkirche Wien<\/strong><\/p>\n<p><strong>Gabriel Faur\u00e9 &#8211; Requiem<br \/>\nAlain Guillouzo &#8211; Clair de lune<br \/>\nGiacomo Puccini &#8211; Messa da Gloria<\/strong><\/p>\n<p>Mit:<br \/>\nMaria Szepesir &#8211; Sopran<br \/>\nAlexander Pinderak &#8211; Tenor<br \/>\nWolfgang Kogert &#8211; Orgel<\/p>\n<p>Akademischer Orchesterverein Wien<br \/>\nChorvereinigung Schola Cantorum, Wien<br \/>\nChor FondArt&#8217;uel, Frankreich<br \/>\nDirigenten: Wolfgang Bruneder, Alain Guillouzo<\/p>\n<p>Karten und Infos: <a title=\"link to\" href=\"http:\/\/www.scholacantorum.at\" target=\"_blank\" rel=\"noopener noreferrer\">http:\/\/www.scholacantorum.at<\/a>\/<br \/>\nTel: 01 369 85 87<\/p>\n<hr class=\"trenner\">\n<p><span class=\"premiere\">KONZERT<br \/>\n<\/span><strong>3. Mai 2013, 20:15 Uhr<br \/>\nMusikverein, Goldener Saal<\/strong><br \/>\nArien und Duette aus &#8220;Don Giovanni&#8221; und &#8220;Le Nozze di Figaro&#8221;<br \/>\nMit: Sera G\u00f6sch, Sopran<br \/>\nJohannes Wildner, Dirigent<br \/>\nWiener Mozartorchester<br \/>\nInfos und Tickets: <a title=\"link to\" href=\"http:\/\/www.mozart.co.at\" target=\"_blank\" rel=\"noopener noreferrer\">http:\/\/www.mozart.co.at<\/a><\/p>\n<hr class=\"trenner\">\n<p><span class=\"premiere\">KONZERT<br \/>\n<\/span><strong>01. Mai 2013, 15:00 Uhr, Sch\u00f6nberg-Haus M\u00f6dling<br \/>\n02. Mai 2013, 19:30 Uhr, Arnold Sch\u00f6nberg Center Wien<\/strong><br \/>\nSonette Nr. 117 von Petrarca aus der Serenade Nr. 24 f\u00fcr Bariton, Streichtrio, Klarinette, Bassklarinette, Gitarre und Mandoline.<br \/>\nKonzerte im Rahmen von <strong>&#8220;25 Jahre Ensemble Wiener Collage&#8221;<\/strong><br \/>\nLeitung: Ren\u00e9 Staar<br \/>\nInfos bzw. Links: <a title=\"link to\" href=\"http:\/\/www.ewc.at\/de\/home\" target=\"_blank\" rel=\"noopener noreferrer\">http:\/\/www.ewc.at\/de\/home<\/a><\/p>\n<hr class=\"trenner\">\n<p><span class=\"premiere\">KONZERT<br \/>\n<\/span><strong>7. April 2013, 19:00 Uhr<br \/>\nDIE SCH\u00d6PFUNG, Oratorium von Joseph Haydn<\/strong><br \/>\nPartie: Raphael &amp; Adam<br \/>\nKlosterkirche Pernegg (N\u00d6)<\/p>\n<p>Mit:<br \/>\nElisabeth Wimmer &#8211; Gabriel &amp; Eva (Sopran)<br \/>\nGernot Heinrich &#8211; Uriel (Tenor)<\/p>\n<p>Sinfonietta Baden, Collegium Vocale Wien und coro.con.brio<br \/>\nDirigent: Holger Kristen<\/p>\n<p>Weitere Auff\u00fchrung:<br \/>\nDi, 9. April, 19:00 Uhr, Kalvarienbergkirche, 1170 Wien<br \/>\nKarten und Infos: <a title=\"link to\" href=\"http:\/\/www.collegiumvocalewien.at\" target=\"_blank\" rel=\"noopener noreferrer\">http:\/\/www.collegiumvocalewien.at<\/a>\/<\/p>\n<hr class=\"trenner\">\n<p><span class=\"premiere\">VORSTELLUNG<br \/>\n<\/span><strong>04. April 2013, 15:00 Uhr<br \/>\nBARON M\u00dcNCHHAUSEN, Comic Opera, MuTh &#8211; Konzertsaal der Wiener S\u00e4ngerknaben<\/strong><br \/>\nMusik: Wolfgang Mitterer<br \/>\nVorstellung der Produktion der Wiener Taschenoper, koproduziert von WIEN MODERN, Rabenhof Theater, Festival Musica Strassbourg und Elbphilharmonie Hamburg.<br \/>\nKarten: www.muth.at, <a title=\"mail to\" href=\"mailto:tickets@muth.at\">tickets@muth.at<\/a>, 01\/3478080<br \/>\n<a title=\"link to\" href=\"http:\/\/www.taschenoper.at\" target=\"_blank\" rel=\"noopener noreferrer\">http:\/\/www.taschenoper.at<\/a>\/<\/p>\n<hr class=\"trenner\">\n<p><span class=\"premiere\">PROJEKT<br \/>\n<\/span><strong>06. M\u00e4rz 2013,<br \/>\nKunst-Musik-Labor, Arnold Sch\u00f6nberg Center Wien<\/strong><\/p>\n<p>12 St\u00fccke mit Sprechgesang f\u00fcr Sopran bzw. Bariton, die zu Arnold Sch\u00f6nberg in Beziehung stehen, werden unter Mitwirkung der internationalen Komponisten erarbeitet und im Anschluss gefilmt.<br \/>\nDie hergestellten Videos werden Teil der Ausstellung &#8220;art is: new art&#8221; sein.<\/p>\n<p>Mit:<br \/>\nCristina Zaballoni, Sopran (It)<\/p>\n<p>Detaillierte Informationen zur Ausstellung:<br \/>\n<a title=\"link to\" href=\"http:\/\/www.schoenberg.at\/index.php?option=com_content&amp;view=article&amp;id=1187&amp;Itemid=333&amp;lang=de\" target=\"_blank\" rel=\"noopener noreferrer\">http:\/\/www.schoenberg.at\/index.php?option=com_content&amp;view=article&amp;id=1187&amp;Itemid=333&amp;lang=de<\/a><\/p>\n<hr class=\"trenner\">\n<p><span class=\"premiere\">KONZERT<br \/>\n<\/span><strong>17. Februar 2013, 19:00 Uhr,<br \/>\nSOCHI WINTER FESTIVAL, ZIMNYI THEATRE<br \/>\nDIE FLEDERMAUS<\/strong> (konzertante Version), Operette von Johann Strau\u00df,<br \/>\nRolle: Frank<\/p>\n<p>Mit:<br \/>\nPeter Edelmann, Eisenstein<br \/>\nAlexandra Reinprecht, Rosalinde<br \/>\nDenise Beck, Adele<br \/>\nPaul Armin Edelmann, Falke<br \/>\nJ\u00f6rg Schneider, Alfred<br \/>\nThomas Lichtenecker, Orlovsky<br \/>\nChristian Drescher, Blind<\/p>\n<p>Johannes Wildner, Dirigent<\/p>\n","protected":false},"excerpt":{"rendered":"<p>PREMIERE 14. November 2013, 19:30 Uhr, Palais Kabelwerk GATES &#8211; 4 Musiktheaterwerke zur sozialen Durchl\u00e4ssigkeit einer Gesellschaft Gate as my asshole Eine [&hellip;]<\/p>\n","protected":false},"author":2,"featured_media":0,"parent":307,"menu_order":2013,"comment_status":"closed","ping_status":"closed","template":"","meta":{"footnotes":""},"class_list":["post-57","page","type-page","status-publish","hentry"],"translation":{"provider":"WPGlobus","version":"3.0.1","language":"en","enabled_languages":["de","en"],"languages":{"de":{"title":true,"content":true,"excerpt":false},"en":{"title":false,"content":false,"excerpt":false}}},"_links":{"self":[{"href":"https:\/\/www.andreas-jankowitsch.net\/en\/wp-json\/wp\/v2\/pages\/57","targetHints":{"allow":["GET"]}}],"collection":[{"href":"https:\/\/www.andreas-jankowitsch.net\/en\/wp-json\/wp\/v2\/pages"}],"about":[{"href":"https:\/\/www.andreas-jankowitsch.net\/en\/wp-json\/wp\/v2\/types\/page"}],"author":[{"embeddable":true,"href":"https:\/\/www.andreas-jankowitsch.net\/en\/wp-json\/wp\/v2\/users\/2"}],"replies":[{"embeddable":true,"href":"https:\/\/www.andreas-jankowitsch.net\/en\/wp-json\/wp\/v2\/comments?post=57"}],"version-history":[{"count":3,"href":"https:\/\/www.andreas-jankowitsch.net\/en\/wp-json\/wp\/v2\/pages\/57\/revisions"}],"predecessor-version":[{"id":73,"href":"https:\/\/www.andreas-jankowitsch.net\/en\/wp-json\/wp\/v2\/pages\/57\/revisions\/73"}],"up":[{"embeddable":true,"href":"https:\/\/www.andreas-jankowitsch.net\/en\/wp-json\/wp\/v2\/pages\/307"}],"wp:attachment":[{"href":"https:\/\/www.andreas-jankowitsch.net\/en\/wp-json\/wp\/v2\/media?parent=57"}],"curies":[{"name":"wp","href":"https:\/\/api.w.org\/{rel}","templated":true}]}}