{"id":94,"date":"2020-03-23T08:56:39","date_gmt":"2020-03-23T07:56:39","guid":{"rendered":"https:\/\/www.andreas-jankowitsch.net\/?page_id=94"},"modified":"2020-03-23T21:00:00","modified_gmt":"2020-03-23T20:00:00","slug":"musiktheater","status":"publish","type":"page","link":"https:\/\/www.andreas-jankowitsch.net\/en\/repertoire\/musiktheater\/","title":{"rendered":"Musiktheater"},"content":{"rendered":"<p>Die Rollen sind nach dem Geburtsjahr des jeweiligen Komponisten sortiert<\/p>\n\n\n<figure class=\"wp-block-table alignwide table_repertoire\"><table class=\"\"><tbody><tr><td><strong>ROLLE<\/strong><\/td><td><strong>WERK<\/strong><\/td><td><strong>KOMPONIST<\/strong><\/td><\/tr><tr><td>ERNESTO, BOUNAFEDE&nbsp;<\/td><td>IL MONDO DELLA LUNA &nbsp;<\/td><td>JOSEF HAYDN&nbsp;<\/td><\/tr><tr><td>FIGARO&nbsp;<\/td><td>IL BARBIERE DI SIVIGLIA&nbsp;<\/td><td>GIOVANNI PAISIELLO&nbsp;<\/td><\/tr><tr><td>COLAS&nbsp;<\/td><td>BASTIEN &amp; BASTIENNE &nbsp;<\/td><td>WOLFGANG AMADEUS MOZART&nbsp;<\/td><\/tr><tr><td>PAPAGENO, SPRECHER, PRIESTER, GEHARNISCHTER&nbsp;<\/td><td>DIE ZAUBERFL\u00d6TE &nbsp;<\/td><td>WOLFGANG AMADEUS MOZART&nbsp;<\/td><\/tr><tr><td>GUGLIELMO, DON ALFONSO&nbsp;<\/td><td>COSI FAN TUTTE&nbsp;<\/td><td>WOLFGANG AMADEUS MOZART&nbsp;<\/td><\/tr><tr><td>FIGARO, GRAF, BARTOLO, ANTONIO&nbsp;<\/td><td>LE NOZZE DI FIGARO&nbsp;<\/td><td>WOLFGANG AMADEUS MOZART&nbsp;<\/td><\/tr><tr><td>DON GIOVANNI, LEPORELLO, MASETTO&nbsp;<\/td><td>DON GIOVANNI &nbsp;<\/td><td>WOLFGANG AMADEUS MOZART&nbsp;<\/td><\/tr><tr><td>DON PIZARRO&nbsp;<\/td><td>FIDELIO &nbsp;<\/td><td>LUDWIG VAN BEETHOVEN&nbsp;<\/td><\/tr><tr><td>MOHR&nbsp;<\/td><td>FAUST&nbsp;<\/td><td>LOUIS SPOHR&nbsp;<\/td><\/tr><tr><td>KUNO, KASPAR&nbsp;<\/td><td>DER FREISCH\u00dcTZ&nbsp;<\/td><td>CARL MARIA VON WEBER&nbsp;<\/td><\/tr><tr><td>BARTOLO, DON BASILIO&nbsp;<\/td><td>IL BARBIERE DI SIVIGLIA&nbsp;<\/td><td>GIOACHINO ROSSINI&nbsp;<\/td><\/tr><tr><td>OMBRA DI NINO&nbsp;<\/td><td>SEMIRAMIDE  &nbsp;<\/td><td>GIOACHINO ROSSINI&nbsp;<\/td><\/tr><tr><td>BACULUS&nbsp;<\/td><td>DER WILDSCH\u00dcTZ&nbsp;<\/td><td>ALBERT LORTZING&nbsp;<\/td><\/tr><tr><td>VAN BETT&nbsp;<\/td><td>ZAR UND ZIMMERMANN&nbsp;<\/td><td>ALBERT LORTZING&nbsp;<\/td><\/tr><tr><td>SANCHO PANSA&nbsp;<\/td><td>DIE HOCHZEIT DES CAMACHO&nbsp;<\/td><td>FELIX MENDELSSOHN BARTHOLDY&nbsp;<\/td><\/tr><tr><td>WOLFRAM DRESCHENBACH&nbsp;<\/td><td>TANNH\u00c4USER ODER DIE KEILEREI AUF DER WARTBURG&nbsp;<\/td><td>CARL BINDER&nbsp;<\/td><\/tr><tr><td>MEPHISTO, WAGNER&nbsp;<\/td><td>FAUST (MARGARETHE)&nbsp;<\/td><td>CHARLES GOUNOD&nbsp;<\/td><\/tr><tr><td>KO-KO-RI-KO&nbsp;<\/td><td>BA-TA-CLAN&nbsp;<\/td><td>JACQUES OFFENBACH&nbsp;<\/td><\/tr><tr><td>B\u00d6SEWICHTE, LUTHER, CRESPEL&nbsp;<\/td><td>HOFFMANNS ERZ\u00c4HLUNGEN &nbsp;<\/td><td>JACQUES OFFENBACH&nbsp;<\/td><\/tr><tr><td>CACATOIS XXII&nbsp;<\/td><td>L&#8217; \u00ceLE DE TULIPATAN&nbsp;<\/td><td>JACQUES OFFENBACH&nbsp;<\/td><\/tr><tr><td>BRASILIANER&nbsp;<\/td><td>PARISER LEBEN&nbsp;<\/td><td>JACQUES OFFENBACH&nbsp;<\/td><\/tr><tr><td>KRUSHINA&nbsp;<\/td><td>DIE VERKAUFTE BRAUT&nbsp;<\/td><td>BED\u0158ICH SMETANA&nbsp;<\/td><\/tr><tr><td>FRANK, FALKE&nbsp;<\/td><td>DIE FLEDERMAUS&nbsp;<\/td><td>JOHANN (SOHN) STRAUSS&nbsp;<\/td><\/tr><tr><td> DELAQUA&nbsp;<\/td><td>EINE NACHT IN VENEDIG&nbsp;<\/td><td>JOHANN (SOHN) STRAUSS&nbsp;<\/td><\/tr><tr><td>BARON WEPS&nbsp;<\/td><td>DER VOGELH\u00c4NDLER&nbsp;<\/td><td>CARL ZELLER&nbsp;<\/td><\/tr><tr><td>VATER&nbsp;<\/td><td>H\u00c4NSEL &amp; GRETEL&nbsp;<\/td><td>ENGELBERT HUMPERDINCK&nbsp;<\/td><\/tr><tr><td>SCARPIA, ANCELOTTI&nbsp;<\/td><td>TOSCA&nbsp;<\/td><td>GIACOMO PUCCINI&nbsp;<\/td><\/tr><tr><td>SHARPLESS&nbsp;<\/td><td>BUTTERFLY&nbsp;<\/td><td>GIACOMO PUCCINI&nbsp;<\/td><\/tr><tr><td>GOLAUD&nbsp;<\/td><td>PELL\u00c8AS ET M\u00c8LISANDE&nbsp;<\/td><td>CLAUDE DEBUSSY&nbsp;<\/td><\/tr><tr><td>JOCHANAAN&nbsp;<\/td><td>SALOME&nbsp;<\/td><td>RICHARD STRAUSS&nbsp;<\/td><\/tr><tr><td>LADISLAUS&nbsp;<\/td><td>HUGDIETRICHS BRAUTFAHRT&nbsp;<\/td><td>OSCAR STRAUS&nbsp;<\/td><\/tr><tr><td>DON INIGO&nbsp;<\/td><td>SPANISCHE STUNDE&nbsp;<\/td><td>MAURICE RAVEL&nbsp;<\/td><\/tr><tr><td>FERI-BACSI&nbsp;<\/td><td>DIE CSARDASF\u00dcRSTIN&nbsp;<\/td><td>EMMERICH KALMAN&nbsp;<\/td><\/tr><tr><td>AMIS&nbsp;<\/td><td>LE PAUVRE MATELOT&nbsp;<\/td><td>DARIUS MILHAUD&nbsp;<\/td><\/tr><tr><td>PANTALONE&nbsp;<\/td><td>FLAMMEN&nbsp;<\/td><td>ERWIN SCHULHOFF&nbsp;<\/td><\/tr><tr><td>LAUTSPRECHER&nbsp;<\/td><td>KAISER V. ATLANTIS&nbsp;<\/td><td>VIKTOR ULLMANN&nbsp;<\/td><\/tr><tr><td>CHARLES&nbsp;<\/td><td>VENUS OF AFRICA&nbsp;<\/td><td>GEORGE ANTHEIL&nbsp;<\/td><\/tr><tr><td>NARR&nbsp;<\/td><td>DAS GEHEIME K\u00d6NIGREICH &nbsp;<\/td><td>ERNST KRENEK&nbsp;<\/td><\/tr><tr><td>ARNOLPHE&nbsp;<\/td><td>DIE SCHULE DER FRAUEN&nbsp;<\/td><td>ROLF LIEBERMANN&nbsp;<\/td><\/tr><tr><td>K\u00d6NIG KLAUS&nbsp;<\/td><td>DER SCHWARZE PETER&nbsp;<\/td><td>NORBERT SCHULTZE&nbsp;<\/td><\/tr><tr><td>VAN GOGH&nbsp;<\/td><td>DIE BRIEFE DES VAN GOGH&nbsp;<\/td><td>GRIGORI SAMUILOWITSCH FRID&nbsp;<\/td><\/tr><tr><td>2. OFFIZIER&nbsp;<\/td><td>DER PRINZ VON HOMBURG&nbsp;<\/td><td>HANS WERNER HENZE&nbsp;<\/td><\/tr><tr><td>DSCHAFAR&nbsp;<\/td><td>1001 NACHT, 11 KAMMEROPERN&nbsp;<\/td><td>R. CLEMENCIC, M. KRANEBITTER, O. WEBER, R. WILDLING&nbsp;<\/td><\/tr><tr><td>JOHN, HERMESSON&nbsp;<\/td><td>SONNENHAUS&nbsp;<\/td><td>EINOJUHANI RAUTAVAARA&nbsp;<\/td><\/tr><tr><td>GRAF CARL MALCOLM&nbsp;<\/td><td>DAS L\u00c4CHELN EINER SOMMERNACHT&nbsp;<\/td><td>STEPHEN SONDHEIM&nbsp;<\/td><\/tr><tr><td>BRUDER BERNHARD&nbsp;<\/td><td>FRANZISKUS&nbsp;<\/td><td>HEINZ KRATOCHWIL&nbsp;<\/td><\/tr><tr><td>BENGTSSON&nbsp;<\/td><td>DIE GESPENSTERSONATE&nbsp;<\/td><td>ARIBERT REIMANN&nbsp;<\/td><\/tr><tr><td>LORD KALLENBACH, F\u00dcRST ARJUNA&nbsp;<\/td><td>SATYAGRAHA&nbsp;<\/td><td>PHILIP GLASS&nbsp;<\/td><\/tr><tr><td>CAVALIERE&nbsp;<\/td><td>IL CAMPIELLO&nbsp;<\/td><td>HERWIG REITER&nbsp;<\/td><\/tr><tr><td>L&#8217;ENVOY\u00c9 DE LA COUR&nbsp;<\/td><td>LE BALCON&nbsp;<\/td><td>P\u00c9TER E\u00d6TV\u00d6S&nbsp;<\/td><\/tr><tr><td>ROY COHN&nbsp;<\/td><td>ANGELS IN AMERICA&nbsp;<\/td><td>P\u00c9TER E\u00d6TV\u00d6S&nbsp;<\/td><\/tr><tr><td>ANGEL B&nbsp;<\/td><td>LILITH &#8211; PARADISE RELOADED&nbsp;<\/td><td>P\u00c9TER E\u00d6TV\u00d6S&nbsp;<\/td><\/tr><tr><td>KAIN&nbsp;<\/td><td>KAIN &amp; ABEL&nbsp;<\/td><td>TSIPPI FLEISCHER&nbsp;<\/td><\/tr><tr><td>GRAF WILHELM&nbsp;<\/td><td>HEMMA&nbsp;<\/td><td>BRUNO STROBL&nbsp;<\/td><\/tr><tr><td>BERTL&nbsp;<\/td><td>UND DAS BEI UNS (SCHRAMMELOPERETTE)&nbsp;<\/td><td>ROLAND NEUWIRTH&nbsp;<\/td><\/tr><tr><td>TEKO&nbsp;<\/td><td>TANIA&nbsp;<\/td><td>ANTHONY DAVIES&nbsp;<\/td><\/tr><tr><td>GRALSRITTER, KLINGSOR&nbsp;<\/td><td>PAR-ZE-FOOL&nbsp;<\/td><td>BERNHARD LANG &nbsp;<\/td><\/tr><tr><td>SILBERMANN, LACKL&nbsp;<\/td><td>TRYPTICHON &nbsp;<\/td><td>GERHARD SCHEDL&nbsp;<\/td><\/tr><tr><td>ZEK&nbsp;<\/td><td>PLAY ZERO&nbsp;<\/td><td>WOLFGANG MITTERER&nbsp;<\/td><\/tr><tr><td>BARON M\u00dcNCHHAUSEN&nbsp;<\/td><td>BARON M\u00dcNCHHAUSEN&nbsp;<\/td><td>WOLFGANG MITTERER&nbsp;<\/td><\/tr><tr><td>WERNTHAL&nbsp;<\/td><td>SCHERZ, SATIRE, IRONIE UND TIEFERE BEDEUTUNG&nbsp;<\/td><td>DETLEV GLANERT&nbsp;<\/td><\/tr><tr><td>WILDLING, POITOU&nbsp;<\/td><td>JEANNE &amp; GILLES&nbsp;<\/td><td>FRANCOIS-PIERRE DESCAMPS&nbsp;<\/td><\/tr><tr><td>MANN&nbsp;<\/td><td>ENDLICH SCHLU\u00df&nbsp;<\/td><td>WOLFRAM WAGNER&nbsp;<\/td><\/tr><tr><td>NEIMANN&nbsp;<\/td><td>DER UNIVERSUMS-STULP&nbsp;<\/td><td>STEPHAN WINKLER&nbsp;<\/td><\/tr><tr><td>DER MANN&nbsp;<\/td><td>DER MANN MIT DER BLUME IM MUND&nbsp;<\/td><td>GERHARD E. WINKLER&nbsp;<\/td><\/tr><tr><td><\/td><td><\/td><td><\/td><td><\/td><\/tr><\/tbody><\/table><\/figure>\n\n\n\n<p><\/p>\n","protected":false},"excerpt":{"rendered":"<p>Die Rollen sind nach dem Geburtsjahr des jeweiligen Komponisten sortiert ROLLE WERK KOMPONIST ERNESTO, BOUNAFEDE&nbsp; IL MONDO DELLA LUNA &nbsp; JOSEF HAYDN&nbsp; [&hellip;]<\/p>\n","protected":false},"author":2,"featured_media":0,"parent":17,"menu_order":10,"comment_status":"closed","ping_status":"closed","template":"","meta":{"footnotes":""},"class_list":["post-94","page","type-page","status-publish","hentry"],"translation":{"provider":"WPGlobus","version":"3.0.1","language":"en","enabled_languages":["de","en"],"languages":{"de":{"title":true,"content":true,"excerpt":false},"en":{"title":false,"content":false,"excerpt":false}}},"_links":{"self":[{"href":"https:\/\/www.andreas-jankowitsch.net\/en\/wp-json\/wp\/v2\/pages\/94","targetHints":{"allow":["GET"]}}],"collection":[{"href":"https:\/\/www.andreas-jankowitsch.net\/en\/wp-json\/wp\/v2\/pages"}],"about":[{"href":"https:\/\/www.andreas-jankowitsch.net\/en\/wp-json\/wp\/v2\/types\/page"}],"author":[{"embeddable":true,"href":"https:\/\/www.andreas-jankowitsch.net\/en\/wp-json\/wp\/v2\/users\/2"}],"replies":[{"embeddable":true,"href":"https:\/\/www.andreas-jankowitsch.net\/en\/wp-json\/wp\/v2\/comments?post=94"}],"version-history":[{"count":9,"href":"https:\/\/www.andreas-jankowitsch.net\/en\/wp-json\/wp\/v2\/pages\/94\/revisions"}],"predecessor-version":[{"id":264,"href":"https:\/\/www.andreas-jankowitsch.net\/en\/wp-json\/wp\/v2\/pages\/94\/revisions\/264"}],"up":[{"embeddable":true,"href":"https:\/\/www.andreas-jankowitsch.net\/en\/wp-json\/wp\/v2\/pages\/17"}],"wp:attachment":[{"href":"https:\/\/www.andreas-jankowitsch.net\/en\/wp-json\/wp\/v2\/media?parent=94"}],"curies":[{"name":"wp","href":"https:\/\/api.w.org\/{rel}","templated":true}]}}